{"id":1677,"date":"2016-03-02T12:05:09","date_gmt":"2016-03-02T12:05:09","guid":{"rendered":"http:\/\/docu-world.com\/fr\/politica-de-proteccion-de-datos\/"},"modified":"2025-05-27T16:05:12","modified_gmt":"2025-05-27T16:05:12","slug":"politica-de-proteccion-de-datos","status":"publish","type":"page","link":"https:\/\/docu-world.com\/fr\/politica-de-proteccion-de-datos\/","title":{"rendered":"Pol\u00edtica de protecci\u00f3n de datos"},"content":{"rendered":"<p><div class=\"fusion-fullwidth fullwidth-box fusion-builder-row-1 nonhundred-percent-fullwidth non-hundred-percent-height-scrolling\" style=\"--awb-background-position:left top;--awb-border-sizes-top:0px;--awb-border-sizes-bottom:0px;--awb-border-sizes-left:0px;--awb-border-sizes-right:0px;--awb-border-radius-top-left:0px;--awb-border-radius-top-right:0px;--awb-border-radius-bottom-right:0px;--awb-border-radius-bottom-left:0px;--awb-padding-top:20px;--awb-padding-bottom:20px;--awb-background-color:#ffffff;--awb-flex-wrap:wrap;\" ><div class=\"fusion-builder-row fusion-row\"><div class=\"fusion-layout-column fusion_builder_column fusion-builder-column-0 fusion_builder_column_1_1 1_1 fusion-one-full fusion-column-first fusion-column-last fusion-column-no-min-height\" style=\"--awb-bg-size:cover;--awb-margin-bottom:0px;\"><div class=\"fusion-column-wrapper fusion-flex-column-wrapper-legacy\"><div class=\"fusion-title title fusion-title-1 fusion-title-text fusion-title-size-one\" style=\"--awb-margin-top-small:10px;--awb-margin-right-small:0px;--awb-margin-bottom-small:10px;--awb-margin-left-small:0px;\"><h1 class=\"fusion-title-heading title-heading-left fusion-responsive-typography-calculated\" style=\"margin:0;--fontSize:34;line-height:1.41;\"><div class=\"fusion-title title sep-underline sep-solid fusion-title-size-one fusion-border-below-title\">\n<p>&nbsp;<\/p>\n<h1 data-fontsize=\"34\" data-lineheight=\"48\">Privacy and data protection policy<\/h1>\n<\/div><\/h1><span class=\"awb-title-spacer\"><\/span><div class=\"title-sep-container\"><div class=\"title-sep sep- sep-solid\" style=\"border-color:#e0dede;\"><\/div><\/div><\/div><div class=\"fusion-text fusion-text-1\"><p>Depuis le 25 mai 2018, le r\u00e8glement g\u00e9n\u00e9ral sur la protection des donn\u00e9es (RGPD) de l&rsquo;Union europ\u00e9enne est applicable \u00e0 tous les pays membres. Et la loi organique 3\/2018, du 5 d\u00e9cembre, sur la protection des donn\u00e9es personnelles et la garantie des droits num\u00e9riques, est applicable en Espagne.<\/p>\n<p>Notre int\u00e9r\u00eat est de continuer \u00e0 prot\u00e9ger vos informations personnelles et vos droits. Afin de rester transparents et de nous conformer aux exigences de cette nouvelle r\u00e9glementation, nous avons adapt\u00e9 notre politique de confidentialit\u00e9.<\/p>\n<p>Nous vous remercions de votre confiance,<\/p>\n<p>Groupe Docuworld<\/p>\n<\/div><div class=\"fusion-clearfix\"><\/div><\/div><\/div><\/div><\/div><div class=\"fusion-fullwidth fullwidth-box fusion-builder-row-2 fusion-flex-container has-pattern-background has-mask-background nonhundred-percent-fullwidth non-hundred-percent-height-scrolling\" style=\"--awb-border-radius-top-left:0px;--awb-border-radius-top-right:0px;--awb-border-radius-bottom-right:0px;--awb-border-radius-bottom-left:0px;--awb-flex-wrap:wrap;\" ><div class=\"fusion-builder-row fusion-row fusion-flex-align-items-flex-start fusion-flex-content-wrap\" style=\"max-width:1216.8px;margin-left: calc(-4% \/ 2 );margin-right: calc(-4% \/ 2 );\"><div class=\"fusion-layout-column fusion_builder_column fusion-builder-column-1 fusion_builder_column_1_1 1_1 fusion-flex-column\" style=\"--awb-bg-size:cover;--awb-width-large:100%;--awb-margin-top-large:0px;--awb-spacing-right-large:1.92%;--awb-margin-bottom-large:20px;--awb-spacing-left-large:1.92%;--awb-width-medium:100%;--awb-order-medium:0;--awb-spacing-right-medium:1.92%;--awb-spacing-left-medium:1.92%;--awb-width-small:100%;--awb-order-small:0;--awb-spacing-right-small:1.92%;--awb-spacing-left-small:1.92%;\"><div class=\"fusion-column-wrapper fusion-column-has-shadow fusion-flex-justify-content-flex-start fusion-content-layout-column\"><div class=\"accordian fusion-accordian\" style=\"--awb-border-size:1px;--awb-icon-size:16px;--awb-content-font-size:14px;--awb-icon-alignment:left;--awb-hover-color:#f9f9fb;--awb-border-color:#e2e2e2;--awb-background-color:#ffffff;--awb-divider-color:#e0dede;--awb-divider-hover-color:#e0dede;--awb-icon-color:#ffffff;--awb-title-color:#003c7b;--awb-content-color:#666666;--awb-icon-box-color:#333333;--awb-toggle-hover-accent-color:#65bc7b;--awb-title-font-family:&quot;Raleway&quot;;--awb-title-font-weight:800;--awb-title-font-style:normal;--awb-content-font-family:&quot;Open Sans&quot;;--awb-content-font-style:normal;--awb-content-font-weight:regular;\"><div class=\"panel-group fusion-toggle-icon-boxed\" id=\"accordion-1677-1\"><div class=\"fusion-panel panel-default panel-031358b750357edb0 fusion-toggle-has-divider\" style=\"--awb-title-color:#003c7b;--awb-content-color:#666666;\"><div class=\"panel-heading\"><h4 class=\"panel-title toggle\" id=\"toggle_031358b750357edb0\"><a aria-expanded=\"false\" aria-controls=\"031358b750357edb0\" role=\"button\" data-toggle=\"collapse\" data-parent=\"#accordion-1677-1\" data-target=\"#031358b750357edb0\" href=\"#031358b750357edb0\"><span class=\"fusion-toggle-icon-wrapper\" aria-hidden=\"true\"><i class=\"fa-fusion-box active-icon awb-icon-minus\" aria-hidden=\"true\"><\/i><i class=\"fa-fusion-box inactive-icon awb-icon-plus\" aria-hidden=\"true\"><\/i><\/span><span class=\"fusion-toggle-heading\">POLITIQUE DE CONFIDENTIALIT\u00c9 ET DE PROTECTION DES DONN\u00c9ES POUR LE COURRIER \u00c9LECTRONIQUE<\/span><\/a><\/h4><\/div><div id=\"031358b750357edb0\" class=\"panel-collapse collapse \" aria-labelledby=\"toggle_031358b750357edb0\"><div class=\"panel-body toggle-content fusion-clearfix\">\n<p><strong>Qui est responsable de vos donn\u00e9es?<\/strong><\/p>\n<p>Conform\u00e9ment aux dispositions de la loi organique 3\/2018, du 5 d\u00e9cembre, sur la protection des donn\u00e9es personnelles et la garantie des droits num\u00e9riques (LOPD) et au r\u00e8glement g\u00e9n\u00e9ral sur la protection des donn\u00e9es (RGPD) du 27 avril 2016, nous vous informons que les donn\u00e9es personnelles fournies seront trait\u00e9es par DOCUWORLD PACKAGING Y SERVICIOS, S.L. avec CIF B95018438 et adresse Av. Txorierri 42 A, 1\u00ba &#8211; 48150, SONDIKA (Bizkaia).<\/p>\n<p><strong>\u00a0<\/strong><\/p>\n<p><strong>\u00a0<\/strong><\/p>\n<p><strong>Dans quel but traitons-nous vos donn\u00e9es personnelles?<\/strong><\/p>\n<p>Les donn\u00e9es que vous nous fournissez sont n\u00e9cessaires pour pouvoir vous fournir le service demand\u00e9 avec toutes les garanties, et seront trait\u00e9es aux fins suivantes : collecte des donn\u00e9es personnelles obtenues par le biais des formulaires de contact disponibles sur le site Web de l&rsquo;entreprise afin de r\u00e9pondre aux demandes de renseignements formul\u00e9es et d&rsquo;envoyer des \u00e9chantillons.<\/p>\n<p><strong>Combien de temps conserverons-nous vos donn\u00e9es?<\/strong><\/p>\n<p>Les donn\u00e9es personnelles fournies seront conserv\u00e9es aussi longtemps qu&rsquo;il sera n\u00e9cessaire de contacter l&rsquo;int\u00e9ress\u00e9.<\/p>\n<p><strong>Quelle est la base juridique du traitement de vos donn\u00e9es?<\/strong><\/p>\n<p>La base juridique du traitement de vos donn\u00e9es est le consentement de la personne concern\u00e9e lorsqu&rsquo;elle contacte notre organisation.<\/p>\n<p><strong>\u00c0 quels destinataires vos donn\u00e9es seront-elles divulgu\u00e9es?<\/strong><\/p>\n<p>Vos donn\u00e9es ne seront pas divulgu\u00e9es, sauf en cas d&rsquo;obligation l\u00e9gale.<\/p>\n<p><strong>Quels sont vos droits lorsque vous nous fournissez vos donn\u00e9es?<\/strong><\/p>\n<p>Toute personne a le droit de demander l&rsquo;acc\u00e8s, la rectification, l&rsquo;effacement, la limitation du traitement, l&rsquo;opposition ou le droit \u00e0 la portabilit\u00e9 de ses donn\u00e9es personnelles en nous \u00e9crivant \u00e0 l&rsquo;adresse de nos bureaux, ou en envoyant un e-mail \u00e0 info@docu-world.com, en indiquant le droit qu&rsquo;elle souhaite exercer.<\/p>\n<p>Vous avez \u00e9galement le droit de retirer votre consentement \u00e0 tout moment. Le retrait du consentement n&rsquo;affectera pas la l\u00e9galit\u00e9 du traitement effectu\u00e9 avant le retrait du consentement.<\/p>\n<p>Vous avez le droit d&rsquo;introduire une r\u00e9clamation aupr\u00e8s de l&rsquo;autorit\u00e9 de contr\u00f4le si vous estimez que vos droits concernant la protection de vos donn\u00e9es \u00e0 caract\u00e8re personnel ont \u00e9t\u00e9 viol\u00e9s.<\/p>\n<\/div><\/div><\/div><div class=\"fusion-panel panel-default panel-6a5bf15f232747796 fusion-toggle-has-divider\" style=\"--awb-title-color:#003c7b;--awb-content-color:#666666;\"><div class=\"panel-heading\"><h4 class=\"panel-title toggle\" id=\"toggle_6a5bf15f232747796\"><a aria-expanded=\"false\" aria-controls=\"6a5bf15f232747796\" role=\"button\" data-toggle=\"collapse\" data-parent=\"#accordion-1677-1\" data-target=\"#6a5bf15f232747796\" href=\"#6a5bf15f232747796\"><span class=\"fusion-toggle-icon-wrapper\" aria-hidden=\"true\"><i class=\"fa-fusion-box active-icon awb-icon-minus\" aria-hidden=\"true\"><\/i><i class=\"fa-fusion-box inactive-icon awb-icon-plus\" aria-hidden=\"true\"><\/i><\/span><span class=\"fusion-toggle-heading\">POLITIQUE DE CONFIDENTIALIT\u00c9 ET DE PROTECTION DES DONN\u00c9ES POUR LE WEB<\/span><\/a><\/h4><\/div><div id=\"6a5bf15f232747796\" class=\"panel-collapse collapse \" aria-labelledby=\"toggle_6a5bf15f232747796\"><div class=\"panel-body toggle-content fusion-clearfix\">\n<p><strong>Qui est responsable de vos donn\u00e9es?<\/strong><\/p>\n<p>Conform\u00e9ment aux dispositions de la loi organique 3\/2018, du 5 d\u00e9cembre, sur la protection des donn\u00e9es personnelles et la garantie des droits num\u00e9riques (LOPD) et au r\u00e8glement g\u00e9n\u00e9ral sur la protection des donn\u00e9es (RGPD) du 27 avril 2016, nous vous informons que les donn\u00e9es personnelles fournies seront trait\u00e9es par DOCUWORLD PACKAGING Y SERVICIOS, S.L. avec CIF B95018438 et adresse Av. Txorierri 42 A, 1\u00ba &#8211; 48150, SONDIKA (Bizkaia).<\/p>\n<p><strong>\u00a0<\/strong><\/p>\n<p><strong>\u00a0<\/strong><\/p>\n<p><strong>Dans quel but traitons-nous vos donn\u00e9es personnelles?<\/strong><\/p>\n<p>Les donn\u00e9es que vous nous fournissez sont n\u00e9cessaires pour pouvoir vous fournir le service demand\u00e9 avec toutes les garanties, et seront trait\u00e9es aux fins suivantes : collecte des donn\u00e9es personnelles obtenues par le biais des formulaires de contact disponibles sur le site Web de l&rsquo;entreprise afin de r\u00e9pondre aux demandes de renseignements formul\u00e9es et d&rsquo;envoyer des \u00e9chantillons.<\/p>\n<p><strong>Combien de temps conserverons-nous vos donn\u00e9es?<\/strong><\/p>\n<p>Les donn\u00e9es personnelles fournies seront conserv\u00e9es aussi longtemps qu&rsquo;il sera n\u00e9cessaire de contacter l&rsquo;int\u00e9ress\u00e9.<\/p>\n<p><strong>Quelle est la base juridique du traitement de vos donn\u00e9es?<\/strong><\/p>\n<p>La base juridique du traitement de vos donn\u00e9es est le consentement de la personne concern\u00e9e lorsqu&rsquo;elle contacte notre organisation.<\/p>\n<p><strong>\u00c0 quels destinataires vos donn\u00e9es seront-elles divulgu\u00e9es?<\/strong><\/p>\n<p>Vos donn\u00e9es ne seront pas divulgu\u00e9es, sauf en cas d&rsquo;obligation l\u00e9gale.<\/p>\n<p><strong>Quels sont vos droits lorsque vous nous fournissez vos donn\u00e9es?<\/strong><\/p>\n<p>Toute personne a le droit de demander l&rsquo;acc\u00e8s, la rectification, l&rsquo;effacement, la limitation du traitement, l&rsquo;opposition ou le droit \u00e0 la portabilit\u00e9 de ses donn\u00e9es personnelles en nous \u00e9crivant \u00e0 l&rsquo;adresse de nos bureaux, ou en envoyant un e-mail \u00e0 info@docu-world.com, en indiquant le droit qu&rsquo;elle souhaite exercer.<\/p>\n<p>Vous avez \u00e9galement le droit de retirer votre consentement \u00e0 tout moment. Le retrait du consentement n&rsquo;affectera pas la l\u00e9galit\u00e9 du traitement effectu\u00e9 avant le retrait du consentement.<\/p>\n<p>Vous avez le droit d&rsquo;introduire une r\u00e9clamation aupr\u00e8s de l&rsquo;autorit\u00e9 de contr\u00f4le si vous estimez que vos droits concernant la protection de vos donn\u00e9es \u00e0 caract\u00e8re personnel ont \u00e9t\u00e9 viol\u00e9s.<\/p>\n<\/div><\/div><\/div><div class=\"fusion-panel panel-default panel-b4d3e13854d14328f fusion-toggle-has-divider\" style=\"--awb-title-color:#003c7b;--awb-content-color:#666666;\"><div class=\"panel-heading\"><h4 class=\"panel-title toggle\" id=\"toggle_b4d3e13854d14328f\"><a aria-expanded=\"false\" aria-controls=\"b4d3e13854d14328f\" role=\"button\" data-toggle=\"collapse\" data-parent=\"#accordion-1677-1\" data-target=\"#b4d3e13854d14328f\" href=\"#b4d3e13854d14328f\"><span class=\"fusion-toggle-icon-wrapper\" aria-hidden=\"true\"><i class=\"fa-fusion-box active-icon awb-icon-minus\" aria-hidden=\"true\"><\/i><i class=\"fa-fusion-box inactive-icon awb-icon-plus\" aria-hidden=\"true\"><\/i><\/span><span class=\"fusion-toggle-heading\">POLITIQUE DE CONFIDENTIALIT\u00c9 ET DE PROTECTION DES DONN\u00c9ES POUR LES DONN\u00c9ES DES CLIENTS<\/span><\/a><\/h4><\/div><div id=\"b4d3e13854d14328f\" class=\"panel-collapse collapse \" aria-labelledby=\"toggle_b4d3e13854d14328f\"><div class=\"panel-body toggle-content fusion-clearfix\">\n<p><strong>Qui est responsable de vos donn\u00e9es?<\/strong><\/p>\n<p>Conform\u00e9ment aux dispositions de la loi organique 3\/2018, du 5 d\u00e9cembre, sur la protection des donn\u00e9es personnelles et la garantie des droits num\u00e9riques (LOPD) et au r\u00e8glement g\u00e9n\u00e9ral sur la protection des donn\u00e9es (RGPD) du 27 avril 2016, nous vous informons que les donn\u00e9es personnelles fournies seront trait\u00e9es par DOCUWORLD PACKAGING Y SERVICIOS, S.L. avec CIF B95018438 et adresse Av. Txorierri 42 A, 1\u00ba &#8211; 48150, SONDIKA (Bizkaia).<\/p>\n<p><strong>\u00a0<\/strong><\/p>\n<p><strong>\u00a0<\/strong><\/p>\n<p><strong>Dans quel but traitons-nous vos donn\u00e9es personnelles?<\/strong><\/p>\n<p>Les donn\u00e9es que vous nous fournissez sont n\u00e9cessaires pour pouvoir vous fournir le service demand\u00e9 avec toutes les garanties, et seront trait\u00e9es aux fins suivantes : collecte des donn\u00e9es personnelles obtenues par le biais des formulaires de contact disponibles sur le site Web de l&rsquo;entreprise afin de r\u00e9pondre aux demandes de renseignements formul\u00e9es et d&rsquo;envoyer des \u00e9chantillons.<\/p>\n<p><strong>Combien de temps conserverons-nous vos donn\u00e9es?<\/strong><\/p>\n<p>Les donn\u00e9es personnelles fournies seront conserv\u00e9es aussi longtemps qu&rsquo;il sera n\u00e9cessaire de contacter l&rsquo;int\u00e9ress\u00e9.<\/p>\n<p><strong>Quelle est la base juridique du traitement de vos donn\u00e9es?<\/strong><\/p>\n<p>La base juridique du traitement de vos donn\u00e9es est le consentement de la personne concern\u00e9e lorsqu&rsquo;elle contacte notre organisation.<\/p>\n<p><strong>\u00c0 quels destinataires vos donn\u00e9es seront-elles divulgu\u00e9es?<\/strong><\/p>\n<p>Vos donn\u00e9es ne seront pas divulgu\u00e9es, sauf en cas d&rsquo;obligation l\u00e9gale.<\/p>\n<p><strong>Quels sont vos droits lorsque vous nous fournissez vos donn\u00e9es?<\/strong><\/p>\n<p>Toute personne a le droit de demander l&rsquo;acc\u00e8s, la rectification, l&rsquo;effacement, la limitation du traitement, l&rsquo;opposition ou le droit \u00e0 la portabilit\u00e9 de ses donn\u00e9es personnelles en nous \u00e9crivant \u00e0 l&rsquo;adresse de nos bureaux, ou en envoyant un e-mail \u00e0 info@docu-world.com, en indiquant le droit qu&rsquo;elle souhaite exercer.<\/p>\n<p>Vous avez \u00e9galement le droit de retirer votre consentement \u00e0 tout moment. Le retrait du consentement n&rsquo;affectera pas la l\u00e9galit\u00e9 du traitement effectu\u00e9 avant le retrait du consentement.<\/p>\n<p>Vous avez le droit d&rsquo;introduire une r\u00e9clamation aupr\u00e8s de l&rsquo;autorit\u00e9 de contr\u00f4le si vous estimez que vos droits concernant la protection de vos donn\u00e9es \u00e0 caract\u00e8re personnel ont \u00e9t\u00e9 viol\u00e9s.<\/p>\n<\/div><\/div><\/div><div class=\"fusion-panel panel-default panel-506ca9df0174e348f fusion-toggle-has-divider\" style=\"--awb-title-color:#003c7b;--awb-content-color:#666666;\"><div class=\"panel-heading\"><h4 class=\"panel-title toggle\" id=\"toggle_506ca9df0174e348f\"><a aria-expanded=\"false\" aria-controls=\"506ca9df0174e348f\" role=\"button\" data-toggle=\"collapse\" data-parent=\"#accordion-1677-1\" data-target=\"#506ca9df0174e348f\" href=\"#506ca9df0174e348f\"><span class=\"fusion-toggle-icon-wrapper\" aria-hidden=\"true\"><i class=\"fa-fusion-box active-icon awb-icon-minus\" aria-hidden=\"true\"><\/i><i class=\"fa-fusion-box inactive-icon awb-icon-plus\" aria-hidden=\"true\"><\/i><\/span><span class=\"fusion-toggle-heading\">POLITIQUE DE CONFIDENTIALIT\u00c9 ET DE PROTECTION DES DONN\u00c9ES POUR LE CANAL \u00c9THIQUE<\/span><\/a><\/h4><\/div><div id=\"506ca9df0174e348f\" class=\"panel-collapse collapse \" aria-labelledby=\"toggle_506ca9df0174e348f\"><div class=\"panel-body toggle-content fusion-clearfix\">\n<p><strong>Qui est responsable de vos donn\u00e9es?<\/strong><\/p>\n<p>Conform\u00e9ment aux dispositions de la loi organique 3\/2018, du 5 d\u00e9cembre, sur la protection des donn\u00e9es personnelles et la garantie des droits num\u00e9riques (LOPD) et au r\u00e8glement g\u00e9n\u00e9ral sur la protection des donn\u00e9es (RGPD) du 27 avril 2016, nous vous informons que les donn\u00e9es personnelles fournies seront trait\u00e9es par DOCUWORLD PACKAGING Y SERVICIOS, S.L. avec CIF B95018438 et adresse Av. Txorierri 42 A, 1\u00ba &#8211; 48150, SONDIKA (Bizkaia).<\/p>\n<p><strong>\u00a0<\/strong><\/p>\n<p><strong>\u00a0<\/strong><\/p>\n<p><strong>Dans quel but traitons-nous vos donn\u00e9es personnelles?<\/strong><\/p>\n<p>Les donn\u00e9es que vous nous fournissez sont n\u00e9cessaires pour pouvoir vous fournir le service demand\u00e9 avec toutes les garanties, et seront trait\u00e9es aux fins suivantes : collecte des donn\u00e9es personnelles obtenues par le biais des formulaires de contact disponibles sur le site Web de l&rsquo;entreprise afin de r\u00e9pondre aux demandes de renseignements formul\u00e9es et d&rsquo;envoyer des \u00e9chantillons.<\/p>\n<p><strong>Combien de temps conserverons-nous vos donn\u00e9es?<\/strong><\/p>\n<p>Les donn\u00e9es personnelles fournies seront conserv\u00e9es aussi longtemps qu&rsquo;il sera n\u00e9cessaire de contacter l&rsquo;int\u00e9ress\u00e9.<\/p>\n<p><strong>Quelle est la base juridique du traitement de vos donn\u00e9es?<\/strong><\/p>\n<p>La base juridique du traitement de vos donn\u00e9es est le consentement de la personne concern\u00e9e lorsqu&rsquo;elle contacte notre organisation.<\/p>\n<p><strong>\u00c0 quels destinataires vos donn\u00e9es seront-elles divulgu\u00e9es?<\/strong><\/p>\n<p>Vos donn\u00e9es ne seront pas divulgu\u00e9es, sauf en cas d&rsquo;obligation l\u00e9gale.<\/p>\n<p><strong>Quels sont vos droits lorsque vous nous fournissez vos donn\u00e9es?<\/strong><\/p>\n<p>Toute personne a le droit de demander l&rsquo;acc\u00e8s, la rectification, l&rsquo;effacement, la limitation du traitement, l&rsquo;opposition ou le droit \u00e0 la portabilit\u00e9 de ses donn\u00e9es personnelles en nous \u00e9crivant \u00e0 l&rsquo;adresse de nos bureaux, ou en envoyant un e-mail \u00e0 info@docu-world.com, en indiquant le droit qu&rsquo;elle souhaite exercer.<\/p>\n<p>Vous avez \u00e9galement le droit de retirer votre consentement \u00e0 tout moment. Le retrait du consentement n&rsquo;affectera pas la l\u00e9galit\u00e9 du traitement effectu\u00e9 avant le retrait du consentement.<\/p>\n<p>Vous avez le droit d&rsquo;introduire une r\u00e9clamation aupr\u00e8s de l&rsquo;autorit\u00e9 de contr\u00f4le si vous estimez que vos droits concernant la protection de vos donn\u00e9es \u00e0 caract\u00e8re personnel ont \u00e9t\u00e9 viol\u00e9s.<\/p>\n<\/div><\/div><\/div><\/div><\/div><\/div><\/div><\/div><\/div><\/p>\n","protected":false},"excerpt":{"rendered":"","protected":false},"author":1,"featured_media":0,"parent":0,"menu_order":0,"comment_status":"closed","ping_status":"closed","template":"","meta":{"footnotes":""},"class_list":["post-1677","page","type-page","status-publish","hentry"],"yoast_head":"<!-- This site is optimized with the Yoast SEO plugin v27.1.1 - https:\/\/yoast.com\/product\/yoast-seo-wordpress\/ -->\n<title>Pol\u00edtica de protecci\u00f3n de datos - Docuworld<\/title>\n<meta name=\"robots\" content=\"index, follow, max-snippet:-1, max-image-preview:large, max-video-preview:-1\" \/>\n<link rel=\"canonical\" href=\"https:\/\/docu-world.com\/fr\/politica-de-proteccion-de-datos\/\" \/>\n<meta property=\"og:locale\" content=\"fr_FR\" \/>\n<meta property=\"og:type\" content=\"article\" \/>\n<meta property=\"og:title\" content=\"Pol\u00edtica de protecci\u00f3n de datos - Docuworld\" \/>\n<meta property=\"og:url\" content=\"https:\/\/docu-world.com\/fr\/politica-de-proteccion-de-datos\/\" \/>\n<meta property=\"og:site_name\" content=\"Docuworld\" \/>\n<meta property=\"article:modified_time\" content=\"2025-05-27T16:05:12+00:00\" \/>\n<meta name=\"twitter:card\" content=\"summary_large_image\" \/>\n<meta name=\"twitter:label1\" content=\"Dur\u00e9e de lecture estim\u00e9e\" \/>\n\t<meta name=\"twitter:data1\" content=\"2 minutes\" \/>\n<script type=\"application\/ld+json\" class=\"yoast-schema-graph\">{\"@context\":\"https:\/\/schema.org\",\"@graph\":[{\"@type\":\"WebPage\",\"@id\":\"https:\/\/docu-world.com\/fr\/politica-de-proteccion-de-datos\/\",\"url\":\"https:\/\/docu-world.com\/fr\/politica-de-proteccion-de-datos\/\",\"name\":\"Pol\u00edtica de protecci\u00f3n de datos - Docuworld\",\"isPartOf\":{\"@id\":\"https:\/\/docu-world.com\/#website\"},\"datePublished\":\"2016-03-02T12:05:09+00:00\",\"dateModified\":\"2025-05-27T16:05:12+00:00\",\"breadcrumb\":{\"@id\":\"https:\/\/docu-world.com\/fr\/politica-de-proteccion-de-datos\/#breadcrumb\"},\"inLanguage\":\"fr-FR\",\"potentialAction\":[{\"@type\":\"ReadAction\",\"target\":[\"https:\/\/docu-world.com\/fr\/politica-de-proteccion-de-datos\/\"]}]},{\"@type\":\"BreadcrumbList\",\"@id\":\"https:\/\/docu-world.com\/fr\/politica-de-proteccion-de-datos\/#breadcrumb\",\"itemListElement\":[{\"@type\":\"ListItem\",\"position\":1,\"name\":\"Portada\",\"item\":\"https:\/\/docu-world.com\/en\/\"},{\"@type\":\"ListItem\",\"position\":2,\"name\":\"Pol\u00edtica de protecci\u00f3n de datos\"}]},{\"@type\":\"WebSite\",\"@id\":\"https:\/\/docu-world.com\/#website\",\"url\":\"https:\/\/docu-world.com\/\",\"name\":\"Docuworld\",\"description\":\"Comunicaci\u00f3n e imagen en continuo crecimiento\",\"potentialAction\":[{\"@type\":\"SearchAction\",\"target\":{\"@type\":\"EntryPoint\",\"urlTemplate\":\"https:\/\/docu-world.com\/?s={search_term_string}\"},\"query-input\":{\"@type\":\"PropertyValueSpecification\",\"valueRequired\":true,\"valueName\":\"search_term_string\"}}],\"inLanguage\":\"fr-FR\"}]}<\/script>\n<!-- \/ Yoast SEO plugin. -->","yoast_head_json":{"title":"Pol\u00edtica de protecci\u00f3n de datos - Docuworld","robots":{"index":"index","follow":"follow","max-snippet":"max-snippet:-1","max-image-preview":"max-image-preview:large","max-video-preview":"max-video-preview:-1"},"canonical":"https:\/\/docu-world.com\/fr\/politica-de-proteccion-de-datos\/","og_locale":"fr_FR","og_type":"article","og_title":"Pol\u00edtica de protecci\u00f3n de datos - Docuworld","og_url":"https:\/\/docu-world.com\/fr\/politica-de-proteccion-de-datos\/","og_site_name":"Docuworld","article_modified_time":"2025-05-27T16:05:12+00:00","twitter_card":"summary_large_image","twitter_misc":{"Dur\u00e9e de lecture estim\u00e9e":"2 minutes"},"schema":{"@context":"https:\/\/schema.org","@graph":[{"@type":"WebPage","@id":"https:\/\/docu-world.com\/fr\/politica-de-proteccion-de-datos\/","url":"https:\/\/docu-world.com\/fr\/politica-de-proteccion-de-datos\/","name":"Pol\u00edtica de protecci\u00f3n de datos - Docuworld","isPartOf":{"@id":"https:\/\/docu-world.com\/#website"},"datePublished":"2016-03-02T12:05:09+00:00","dateModified":"2025-05-27T16:05:12+00:00","breadcrumb":{"@id":"https:\/\/docu-world.com\/fr\/politica-de-proteccion-de-datos\/#breadcrumb"},"inLanguage":"fr-FR","potentialAction":[{"@type":"ReadAction","target":["https:\/\/docu-world.com\/fr\/politica-de-proteccion-de-datos\/"]}]},{"@type":"BreadcrumbList","@id":"https:\/\/docu-world.com\/fr\/politica-de-proteccion-de-datos\/#breadcrumb","itemListElement":[{"@type":"ListItem","position":1,"name":"Portada","item":"https:\/\/docu-world.com\/en\/"},{"@type":"ListItem","position":2,"name":"Pol\u00edtica de protecci\u00f3n de datos"}]},{"@type":"WebSite","@id":"https:\/\/docu-world.com\/#website","url":"https:\/\/docu-world.com\/","name":"Docuworld","description":"Comunicaci\u00f3n e imagen en continuo crecimiento","potentialAction":[{"@type":"SearchAction","target":{"@type":"EntryPoint","urlTemplate":"https:\/\/docu-world.com\/?s={search_term_string}"},"query-input":{"@type":"PropertyValueSpecification","valueRequired":true,"valueName":"search_term_string"}}],"inLanguage":"fr-FR"}]}},"_links":{"self":[{"href":"https:\/\/docu-world.com\/fr\/wp-json\/wp\/v2\/pages\/1677","targetHints":{"allow":["GET"]}}],"collection":[{"href":"https:\/\/docu-world.com\/fr\/wp-json\/wp\/v2\/pages"}],"about":[{"href":"https:\/\/docu-world.com\/fr\/wp-json\/wp\/v2\/types\/page"}],"author":[{"embeddable":true,"href":"https:\/\/docu-world.com\/fr\/wp-json\/wp\/v2\/users\/1"}],"replies":[{"embeddable":true,"href":"https:\/\/docu-world.com\/fr\/wp-json\/wp\/v2\/comments?post=1677"}],"version-history":[{"count":5,"href":"https:\/\/docu-world.com\/fr\/wp-json\/wp\/v2\/pages\/1677\/revisions"}],"predecessor-version":[{"id":23192,"href":"https:\/\/docu-world.com\/fr\/wp-json\/wp\/v2\/pages\/1677\/revisions\/23192"}],"wp:attachment":[{"href":"https:\/\/docu-world.com\/fr\/wp-json\/wp\/v2\/media?parent=1677"}],"curies":[{"name":"wp","href":"https:\/\/api.w.org\/{rel}","templated":true}]}}