{"id":1541,"date":"2015-02-20T20:12:13","date_gmt":"2015-02-20T20:12:13","guid":{"rendered":"http:\/\/docu-world.com\/fr\/?page_id=1541"},"modified":"2021-12-22T11:11:13","modified_gmt":"2021-12-22T11:11:13","slug":"groupe-docuworld","status":"publish","type":"page","link":"https:\/\/docu-world.com\/fr\/groupe-docuworld\/","title":{"rendered":"Groupe Docu-World"},"content":{"rendered":"<p><div class=\"fusion-fullwidth fullwidth-box fusion-builder-row-1 nonhundred-percent-fullwidth non-hundred-percent-height-scrolling fusion-equal-height-columns\" style=\"--awb-background-position:left top;--awb-border-sizes-top:0px;--awb-border-sizes-bottom:0px;--awb-border-sizes-left:0px;--awb-border-sizes-right:0px;--awb-border-radius-top-left:0px;--awb-border-radius-top-right:0px;--awb-border-radius-bottom-right:0px;--awb-border-radius-bottom-left:0px;--awb-padding-top:20px;--awb-padding-bottom:90px;--awb-background-color:#ffffff;--awb-flex-wrap:wrap;\" ><div class=\"fusion-builder-row fusion-row\"><div class=\"fusion-layout-column fusion_builder_column fusion-builder-column-0 fusion_builder_column_1_1 1_1 fusion-one-full fusion-column-first fusion-column-last fusion-column-no-min-height\" style=\"--awb-bg-size:cover;--awb-margin-bottom:0px;\"><div class=\"fusion-column-wrapper fusion-flex-column-wrapper-legacy\"><div class=\"fusion-text fusion-text-1\"><h3 style=\"text-align: center;\"><\/h3>\n<h1 style=\"text-align: center;\"><span style=\"color: #003c7b;\">UNIT\u00c9S COMMERCIALES<\/span><\/h1>\n<\/div><div class=\"fusion-clearfix\"><\/div><\/div><\/div><div class=\"fusion-layout-column fusion_builder_column fusion-builder-column-1 fusion_builder_column_1_2 1_2 fusion-one-half fusion-column-first fusion-column-inner-bg-wrapper rounded-border\" style=\"--awb-padding-top:40px;--awb-padding-right:60px;--awb-padding-bottom:40px;--awb-padding-left:60px;--awb-inner-bg-color:#ffffff;--awb-inner-bg-color-hover:#ffffff;--awb-inner-bg-size:cover;--awb-border-color:#e2e2e2;--awb-border-top:1px;--awb-border-right:1px;--awb-border-bottom:1px;--awb-border-left:1px;--awb-border-style:solid;width:48%; margin-right: 4%;\"><span class=\"fusion-column-inner-bg hover-type-none\"><a class=\"fusion-column-anchor\" href=\"http:\/\/docu-world.com\/packaging-y-etiqueta-de-producto\/\"><span class=\"fusion-column-inner-bg-image\"><\/span><\/a><\/span><div class=\"fusion-column-wrapper fusion-flex-column-wrapper-legacy\"><div class=\"fusion-title title fusion-title-1 sep-underline sep-solid fusion-title-center fusion-title-text fusion-title-size-three\" style=\"--awb-margin-top-small:10px;--awb-margin-right-small:0px;--awb-margin-bottom-small:10px;--awb-margin-left-small:0px;--awb-sep-color:#a8006a;\"><h3 class=\"fusion-title-heading title-heading-center fusion-responsive-typography-calculated\" style=\"margin:0;--fontSize:18;--minFontSize:18;line-height:1.67;\"><h3><span style=\"color: #993366;\">EMBALLAGE ET \u00c9TIQUETTE DE PRODUIT<\/span><\/h3><\/h3><\/div><div class=\"fusion-sep-clear\"><\/div><div class=\"fusion-separator fusion-full-width-sep\" style=\"margin-left: auto;margin-right: auto;margin-top:20px;width:100%;\"><\/div><div class=\"fusion-sep-clear\"><\/div><div class=\"fusion-text fusion-text-2\"><p style=\"text-align: justify;\"><strong>L\u2019emballage et les \u00e9tiquettes<\/strong> sont des \u00e9l\u00e9ments indispensables de la strat\u00e9gie de marketing et de communication d\u2019un produit. Nous suivons les derni\u00e8res tendances en image de marque, en identification, en codification, en tra\u00e7abilit\u00e9 et en s\u00e9curit\u00e9 de produit. Tout cela en ayant recours \u00e0 la machinerie la plus avanc\u00e9e du point de vue technique et aux processus de production les plus modernes.<\/p>\n<\/div><div class=\"fusion-sep-clear\"><\/div><div class=\"fusion-separator fusion-full-width-sep\" style=\"margin-left: auto;margin-right: auto;margin-top:20px;width:100%;\"><\/div><div class=\"fusion-sep-clear\"><\/div><div class=\"fusion-text fusion-text-3\" style=\"--awb-text-transform:none;\"><h3 style=\"text-align: center;\">Packaging<\/h3>\n<hr \/>\n<h3 style=\"text-align: center;\"><img decoding=\"async\" class=\"alignnone size-full wp-image-1407\" src=\"http:\/\/docu-world.com\/wp-content\/uploads\/2016\/02\/LOGO-EMAN.jpg\" alt=\"LOGO-EMAN\" width=\"400\" height=\"96\" srcset=\"https:\/\/docu-world.com\/wp-content\/uploads\/2016\/02\/LOGO-EMAN-300x72.jpg 300w, https:\/\/docu-world.com\/wp-content\/uploads\/2016\/02\/LOGO-EMAN.jpg 400w\" sizes=\"(max-width: 400px) 100vw, 400px\" \/><\/h3>\n<p><img decoding=\"async\" class=\"alignnone size-full wp-image-2457 aligncenter\" src=\"http:\/\/docu-world.com\/wp-content\/uploads\/2015\/02\/LOGO-DRIMPACK-WEB.jpg\" alt=\"Logo Drimpak\" width=\"400\" height=\"96\" srcset=\"https:\/\/docu-world.com\/wp-content\/uploads\/2015\/02\/LOGO-DRIMPACK-WEB-300x72.jpg 300w, https:\/\/docu-world.com\/wp-content\/uploads\/2015\/02\/LOGO-DRIMPACK-WEB.jpg 400w\" sizes=\"(max-width: 400px) 100vw, 400px\" \/><\/p>\n<p><img decoding=\"async\" class=\"aligncenter wp-image-8166 size-full\" src=\"https:\/\/docu-world.com\/wp-content\/uploads\/2021\/12\/LOGO-GAEZ-2.jpg\" alt=\"\" width=\"400\" height=\"96\" srcset=\"https:\/\/docu-world.com\/wp-content\/uploads\/2021\/12\/LOGO-GAEZ-2-200x48.jpg 200w, https:\/\/docu-world.com\/wp-content\/uploads\/2021\/12\/LOGO-GAEZ-2-300x72.jpg 300w, https:\/\/docu-world.com\/wp-content\/uploads\/2021\/12\/LOGO-GAEZ-2.jpg 400w\" sizes=\"(max-width: 400px) 100vw, 400px\" \/><\/p>\n<h3 style=\"text-align: center;\">\u00c9tiquette de produit<\/h3>\n<hr \/>\n<h3 style=\"text-align: center;\"><\/h3>\n<p style=\"text-align: center;\"><img decoding=\"async\" class=\"alignnone size-full wp-image-1411\" src=\"http:\/\/docu-world.com\/wp-content\/uploads\/2016\/02\/LOGO-NDE.jpg\" alt=\"navarra de etiquetajes\" width=\"400\" height=\"96\" srcset=\"https:\/\/docu-world.com\/wp-content\/uploads\/2016\/02\/LOGO-NDE-300x72.jpg 300w, https:\/\/docu-world.com\/wp-content\/uploads\/2016\/02\/LOGO-NDE.jpg 400w\" sizes=\"(max-width: 400px) 100vw, 400px\" \/><\/p>\n<p><img decoding=\"async\" class=\"alignnone size-full wp-image-1884 aligncenter\" src=\"http:\/\/docu-world.com\/wp-content\/uploads\/2015\/02\/rever-logo-web2.jpg\" alt=\"rever etiquetas docu world\" width=\"400\" height=\"96\" srcset=\"https:\/\/docu-world.com\/wp-content\/uploads\/2015\/02\/rever-logo-web2-300x72.jpg 300w, https:\/\/docu-world.com\/wp-content\/uploads\/2015\/02\/rever-logo-web2.jpg 400w\" sizes=\"(max-width: 400px) 100vw, 400px\" \/><\/p>\n<p><img decoding=\"async\" class=\"aligncenter wp-image-8166 size-full\" src=\"https:\/\/docu-world.com\/wp-content\/uploads\/2021\/12\/LOGO-GAEZ-2.jpg\" alt=\"\" width=\"400\" height=\"96\" srcset=\"https:\/\/docu-world.com\/wp-content\/uploads\/2021\/12\/LOGO-GAEZ-2-200x48.jpg 200w, https:\/\/docu-world.com\/wp-content\/uploads\/2021\/12\/LOGO-GAEZ-2-300x72.jpg 300w, https:\/\/docu-world.com\/wp-content\/uploads\/2021\/12\/LOGO-GAEZ-2.jpg 400w\" sizes=\"(max-width: 400px) 100vw, 400px\" \/><\/p>\n<\/div>\n<div class=\"fusion-clearfix\"><\/div><\/div><\/div><div class=\"fusion-layout-column fusion_builder_column fusion-builder-column-2 fusion_builder_column_1_2 1_2 fusion-one-half fusion-column-last fusion-column-inner-bg-wrapper rounded-border\" style=\"--awb-padding-top:40px;--awb-padding-right:60px;--awb-padding-bottom:40px;--awb-padding-left:60px;--awb-inner-bg-color:#ffffff;--awb-inner-bg-color-hover:#ffffff;--awb-inner-bg-size:cover;--awb-border-color:#e2e2e2;--awb-border-top:1px;--awb-border-right:1px;--awb-border-bottom:1px;--awb-border-left:1px;--awb-border-style:solid;width:48%;\"><span class=\"fusion-column-inner-bg hover-type-none\"><a class=\"fusion-column-anchor\" href=\"http:\/\/docu-world.com\/documentos-de-gestion-y-seguridad\/\"><span class=\"fusion-column-inner-bg-image\"><\/span><\/a><\/span><div class=\"fusion-column-wrapper fusion-flex-column-wrapper-legacy\"><div class=\"fusion-title title fusion-title-2 sep-underline sep-solid fusion-title-center fusion-title-text fusion-title-size-one\" style=\"--awb-margin-top-small:10px;--awb-margin-right-small:0px;--awb-margin-bottom-small:10px;--awb-margin-left-small:0px;--awb-sep-color:#003c7b;\"><h1 class=\"fusion-title-heading title-heading-center fusion-responsive-typography-calculated\" style=\"margin:0;--fontSize:34;line-height:1.41;\"><h3><span style=\"color: #003c7b;\">DOCUMENTS DE GESTION ET DE S\u00c9CURIT\u00c9<\/span><\/h3><\/h1><\/div><div class=\"fusion-sep-clear\"><\/div><div class=\"fusion-separator fusion-full-width-sep\" style=\"margin-left: auto;margin-right: auto;margin-top:20px;width:100%;\"><\/div><div class=\"fusion-sep-clear\"><\/div><div class=\"fusion-text fusion-text-4\"><p>Nous sommes l\u00e0 pour que votre entreprise ait \u00e0 sa disposition des services graphiques indispensables pour pr\u00e9senter une image professionnelle et de qualit\u00e9. De plus, nous sommes sp\u00e9cialistes en impression de documents de s\u00e9curit\u00e9 et de dipl\u00f4mes universitaires. Nous nous chargeons de l\u2019impression et de la garde de ceux-ci selon la r\u00e9glementation en vigueur en offrant une garantie totale de s\u00e9curit\u00e9.<\/p>\n<\/div><div class=\"fusion-sep-clear\"><\/div><div class=\"fusion-separator fusion-full-width-sep\" style=\"margin-left: auto;margin-right: auto;margin-top:20px;width:100%;\"><\/div><div class=\"fusion-sep-clear\"><\/div><div class=\"fusion-text fusion-text-5\" style=\"--awb-text-transform:none;\"><h3 style=\"text-align: center;\">Servicios gr\u00e1ficos<\/h3>\n<hr \/>\n<h3 style=\"text-align: center;\"><img decoding=\"async\" class=\"alignnone size-full wp-image-2461\" src=\"http:\/\/docu-world.com\/wp-content\/uploads\/2015\/02\/logo-iuniversal.jpg\" alt=\"logo iuniversal\" width=\"400\" height=\"96\" srcset=\"https:\/\/docu-world.com\/wp-content\/uploads\/2015\/02\/logo-iuniversal-300x72.jpg 300w, https:\/\/docu-world.com\/wp-content\/uploads\/2015\/02\/logo-iuniversal.jpg 400w\" sizes=\"(max-width: 400px) 100vw, 400px\" \/><\/h3>\n<h3 style=\"text-align: center;\"><\/h3>\n<h3 style=\"text-align: center;\"><\/h3>\n<h3 style=\"text-align: center;\"><\/h3>\n<h3 style=\"text-align: center; height:96px;\"><!--<img decoding=\"async\" class=\"alignnone size-full wp-image-2460\" src=\"http:\/\/docu-world.com\/wp-content\/uploads\/2015\/02\/LOGO-fs.jpg\" alt=\"LOGO-fs\" width=\"400\" height=\"96\" srcset=\"https:\/\/docu-world.com\/wp-content\/uploads\/2015\/02\/LOGO-fs-300x72.jpg 300w, https:\/\/docu-world.com\/wp-content\/uploads\/2015\/02\/LOGO-fs.jpg 400w\" sizes=\"(max-width: 400px) 100vw, 400px\" \/>--><\/h3>\n<h3 style=\"text-align: center;\">Sector farmac\u00e9utico<\/h3>\n<hr \/>\n<h3 style=\"text-align: center;\"><img decoding=\"async\" class=\"alignnone wp-image-3273 size-full\" src=\"http:\/\/docu-world.com\/wp-content\/uploads\/2020\/04\/logo-Pharmaprospect_DW.jpg\" alt=\"\" width=\"400\" height=\"96\" srcset=\"https:\/\/docu-world.com\/wp-content\/uploads\/2020\/04\/logo-Pharmaprospect_DW-200x48.jpg 200w, https:\/\/docu-world.com\/wp-content\/uploads\/2020\/04\/logo-Pharmaprospect_DW-300x72.jpg 300w, https:\/\/docu-world.com\/wp-content\/uploads\/2020\/04\/logo-Pharmaprospect_DW.jpg 400w\" sizes=\"(max-width: 400px) 100vw, 400px\" \/><\/h3>\n<h3 style=\"text-align: center;\"><\/h3>\n<\/div>\n<div class=\"fusion-clearfix\"><\/div><\/div><\/div><\/div><\/div><div class=\"fusion-fullwidth fullwidth-box fusion-builder-row-2 nonhundred-percent-fullwidth non-hundred-percent-height-scrolling\" style=\"--awb-background-position:left top;--awb-border-sizes-top:1px;--awb-border-sizes-bottom:1px;--awb-border-sizes-left:0px;--awb-border-sizes-right:0px;--awb-border-color:#e2e2e2;--awb-border-radius-top-left:0px;--awb-border-radius-top-right:0px;--awb-border-radius-bottom-right:0px;--awb-border-radius-bottom-left:0px;--awb-padding-top:40px;--awb-padding-bottom:0px;--awb-background-color:#ffffff;--awb-flex-wrap:wrap;\" ><div class=\"fusion-builder-row fusion-row\"><div class=\"fusion-layout-column fusion_builder_column fusion-builder-column-3 fusion_builder_column_1_1 1_1 fusion-one-full fusion-column-first fusion-column-last fusion-column-no-min-height\" style=\"--awb-bg-size:cover;--awb-margin-bottom:0px;\"><div class=\"fusion-column-wrapper fusion-flex-column-wrapper-legacy\"><div class=\"fusion-text fusion-text-6\"><h3 style=\"text-align: center;\"><\/h3>\n<h1 style=\"text-align: center;\"><span style=\"color: #003c7b;\">NOS SIGNES DISTINCTIFS<\/span><\/h1>\n<\/div><div class=\"fusion-sep-clear\"><\/div><div class=\"fusion-separator fusion-full-width-sep\" style=\"margin-left: auto;margin-right: auto;margin-top:40px;width:100%;\"><\/div><div class=\"fusion-sep-clear\"><\/div><div class=\"fusion-clearfix\"><\/div><\/div><\/div><div class=\"fusion-layout-column fusion_builder_column fusion-builder-column-4 fusion_builder_column_1_1 1_1 fusion-one-full fusion-column-first fusion-column-last fusion-column-no-min-height\" style=\"--awb-bg-size:cover;--awb-margin-bottom:0px;\"><div class=\"fusion-column-wrapper fusion-flex-column-wrapper-legacy\"><div class=\"fusion-content-boxes content-boxes columns row fusion-columns-4 fusion-columns-total-4 fusion-content-boxes-1 content-boxes-icon-on-top content-left\" style=\"--awb-title-color:#003c7b;--awb-iconcolor:#003c7b;--awb-hover-accent-color:var(--awb-color4);--awb-circle-hover-accent-color:transparent;\" data-animationOffset=\"top-into-view\"><div style=\"--awb-backgroundcolor:transparent;--awb-iconcolor:#003c7b;\" class=\"fusion-column content-box-column content-box-column content-box-column-1 col-lg-3 col-md-3 col-sm-3 fusion-content-box-hover content-box-column-first-in-row\"><div class=\"col content-box-wrapper content-wrapper link-area-box icon-hover-animation-slide\" data-animationOffset=\"top-into-view\"><div class=\"heading heading-with-icon icon-left\"><div class=\"icon\"><i style=\"background-color:transparent;border-color:transparent;height:auto;width: 40px;line-height:normal;font-size:40px;\" aria-hidden=\"true\" class=\"fontawesome-icon fa fa-signal circle-no\"><\/i><\/div><h2 class=\"content-box-heading fusion-responsive-typography-calculated\" style=\"--h2_typography-font-size:18px;--fontSize:18;line-height:1.89;\">NOS CAPACIT\u00c9S SONT DE PLUS EN PLUS GRANDES<\/h2><\/div><div class=\"fusion-clearfix\"><\/div><div class=\"content-container\">\n<p style=\"text-align: center;\">Nous \u00e9voluons et croissons constamment en utilisant de nouvelles technologies et de meilleures solutions. Nous ne nous arr\u00eatons jamais.<\/p>\n<\/div><\/div><\/div><div style=\"--awb-backgroundcolor:transparent;--awb-iconcolor:#003c7b;\" class=\"fusion-column content-box-column content-box-column content-box-column-2 col-lg-3 col-md-3 col-sm-3 fusion-content-box-hover \"><div class=\"col content-box-wrapper content-wrapper link-area-box icon-hover-animation-slide\" data-animationOffset=\"top-into-view\"><div class=\"heading heading-with-icon icon-left\"><div class=\"icon\"><i style=\"background-color:transparent;border-color:transparent;height:auto;width: 40px;line-height:normal;font-size:40px;\" aria-hidden=\"true\" class=\"fontawesome-icon fa fa-bullhorn circle-no\"><\/i><\/div><h2 class=\"content-box-heading fusion-responsive-typography-calculated\" style=\"--h2_typography-font-size:18px;--fontSize:18;line-height:1.89;\">NOUS SOMMES IMAGE ET COMMUNICATION<\/h2><\/div><div class=\"fusion-clearfix\"><\/div><div class=\"content-container\">\n<p style=\"text-align: center;\">Notre force est de permettre aux entreprises et aux utilisateurs finaux d\u2019entrer plus efficacement en contact.<\/p>\n<\/div><\/div><\/div><div style=\"--awb-backgroundcolor:transparent;--awb-iconcolor:#003c7b;\" class=\"fusion-column content-box-column content-box-column content-box-column-3 col-lg-3 col-md-3 col-sm-3 fusion-content-box-hover \"><div class=\"col content-box-wrapper content-wrapper link-area-box icon-hover-animation-slide\" data-animationOffset=\"top-into-view\"><div class=\"heading heading-with-icon icon-left\"><div class=\"icon\"><i style=\"background-color:transparent;border-color:transparent;height:auto;width: 40px;line-height:normal;font-size:40px;\" aria-hidden=\"true\" class=\"fontawesome-icon fa fa-arrows-alt circle-no\"><\/i><\/div><h2 class=\"content-box-heading fusion-responsive-typography-calculated\" style=\"--h2_typography-font-size:18px;--fontSize:18;line-height:1.89;\">NOUS SOMMES DISTINCTION ET DIFF\u00c9RENTIATION<\/h2><\/div><div class=\"fusion-clearfix\"><\/div><div class=\"content-container\">\n<p style=\"text-align: center;\">innovons jour apr\u00e8s jour pour le client avec des solutions personnalis\u00e9es, voil\u00e0 le secret de notre r\u00e9ussite.<\/p>\n<\/div><\/div><\/div><div style=\"--awb-backgroundcolor:transparent;--awb-iconcolor:#003c7b;\" class=\"fusion-column content-box-column content-box-column content-box-column-4 col-lg-3 col-md-3 col-sm-3 fusion-content-box-hover content-box-column-last content-box-column-last-in-row\"><div class=\"col content-box-wrapper content-wrapper link-area-box icon-hover-animation-slide\" data-animationOffset=\"top-into-view\"><div class=\"heading heading-with-icon icon-left\"><div class=\"icon\"><i style=\"background-color:transparent;border-color:transparent;height:auto;width: 40px;line-height:normal;font-size:40px;\" aria-hidden=\"true\" class=\"fontawesome-icon fa fa-eye circle-no\"><\/i><\/div><h2 class=\"content-box-heading fusion-responsive-typography-calculated\" style=\"--h2_typography-font-size:18px;--fontSize:18;line-height:1.89;\">ENGAGEMENT PERMANENT FACE AU CLIENT<\/h2><\/div><div class=\"fusion-clearfix\"><\/div><div class=\"content-container\">\n<p style=\"text-align: center;\">Nous faisons ensemble tout le parcours du d\u00e9but \u00e0 la fin. Notre engagement est permanent.<\/p>\n<\/div><\/div><\/div><div class=\"fusion-clearfix\"><\/div><\/div><div class=\"fusion-clearfix\"><\/div><\/div><\/div><\/div><\/div><div class=\"fusion-fullwidth fullwidth-box fusion-builder-row-3 fusion-parallax-fixed nonhundred-percent-fullwidth non-hundred-percent-height-scrolling\" style=\"--awb-border-sizes-top:0px;--awb-border-sizes-bottom:0px;--awb-border-sizes-left:0px;--awb-border-sizes-right:0px;--awb-border-radius-top-left:0px;--awb-border-radius-top-right:0px;--awb-border-radius-bottom-right:0px;--awb-border-radius-bottom-left:0px;--awb-padding-top:1px;--awb-padding-bottom:1px;--awb-background-image:url(&quot;http:\/\/docu-world.com\/wp-content\/uploads\/2015\/02\/home2.jpg&quot;);--awb-background-size:cover;--awb-flex-wrap:wrap;background-attachment:fixed;\" ><div class=\"fusion-builder-row fusion-row\"><div class=\"fusion-layout-column fusion_builder_column fusion-builder-column-5 fusion_builder_column_1_1 1_1 fusion-one-full fusion-column-first fusion-column-last fusion-column-no-min-height\" style=\"--awb-bg-size:cover;--awb-margin-bottom:0px;\"><div class=\"fusion-column-wrapper fusion-flex-column-wrapper-legacy\"><div class=\"fusion-testimonials clean awb-speech-bubble-show fusion-testimonials-1\" style=\"--awb-textcolor:#ffffff;--awb-backgroundcolor:rgba(255,255,255,0);--awb-testimonial-border-style:solid;--awb-testimonial-border-color:var(--awb-color3);--awb-border-top-left-radius:0px;--awb-border-top-right-radius:0px;--awb-border-bottom-left-radius:0px;--awb-border-bottom-right-radius:0px;--testimonial-border-width-top:0px;--testimonial-border-width-right:0px;--testimonial-border-width-bottom:0px;--testimonial-border-width-left:0px;\" data-random=\"0\" data-speed=\"4000\"><div class=\"reviews\"><div class=\"review active-testimonial avatar-above avatar-image\"><div class=\"testimonial-thumbnail\"><img decoding=\"async\" class=\"testimonial-image\" src=\"http:\/\/docu-world.com\/wp-content\/uploads\/2015\/02\/J-Ramon-Benito3.gif\" \/><\/div><blockquote class=\"has-transparent-color\"><div class=\"awb-quote\"><div class=\"awb-quote-content\">\u00a0\u00bb Je veux favoriser notre engagement pour l\u2019innovation et ouvrir de nouvelles perspectives qui permettent de r\u00e9duire les cycles de nos processus, en \u00e9liminant des co\u00fbts qui n\u2019ajoutent aucune valeur pour nos clients.<br \/>\nIl est aussi important que cette page Web d\u00e9veloppe le potentiel de notre groupe et permette la communication entre tous, clients, fournisseurs et employ\u00e9s, en cr\u00e9ant un environnement passionnant et ax\u00e9 sur l\u2019avenir, \u00e0 l\u2019int\u00e9rieur d\u2019un monde hautement concurrentiel, o\u00f9 il n\u2019y aura de place que pour ceux qui savent \u00e9couter leurs clients et savent r\u00e9pondre \u00e0 leurs besoins.<br \/>\nJe vous souhaite la bienvenue et vous invite \u00e0 visiter et \u00e0 d\u00e9couvrir ce que peut vous offrir aujourd\u2019hui le Groupe Docuworld.<br \/>\nBien cordialement. \u00a0\u00bb<\/div><\/div><\/blockquote><div class=\"author\"><span class=\"company-name\"><strong> Jose Ram\u00f3n Benito<\/strong>, <span>Docuworld Group<\/span><\/span><\/div><\/div><\/div><\/div><div class=\"fusion-clearfix\"><\/div><\/div><\/div><\/div><\/div><\/p>\n","protected":false},"excerpt":{"rendered":"","protected":false},"author":1,"featured_media":0,"parent":0,"menu_order":2,"comment_status":"closed","ping_status":"closed","template":"100-width.php","meta":{"footnotes":""},"class_list":["post-1541","page","type-page","status-publish","hentry"],"yoast_head":"<!-- This site is optimized with the Yoast SEO plugin v27.1.1 - https:\/\/yoast.com\/product\/yoast-seo-wordpress\/ -->\n<title>Groupe Docu-World - Docuworld<\/title>\n<meta name=\"robots\" content=\"index, follow, max-snippet:-1, max-image-preview:large, max-video-preview:-1\" \/>\n<link rel=\"canonical\" href=\"https:\/\/docu-world.com\/grupo-docuworld\/\" \/>\n<meta property=\"og:locale\" content=\"fr_FR\" \/>\n<meta property=\"og:type\" content=\"article\" \/>\n<meta property=\"og:title\" content=\"Groupe Docu-World - Docuworld\" \/>\n<meta property=\"og:url\" content=\"https:\/\/docu-world.com\/grupo-docuworld\/\" \/>\n<meta property=\"og:site_name\" content=\"Docuworld\" \/>\n<meta property=\"article:modified_time\" content=\"2021-12-22T11:11:13+00:00\" \/>\n<meta name=\"twitter:card\" content=\"summary_large_image\" \/>\n<meta name=\"twitter:label1\" content=\"Dur\u00e9e de lecture estim\u00e9e\" \/>\n\t<meta name=\"twitter:data1\" content=\"9 minutes\" \/>\n<script type=\"application\/ld+json\" class=\"yoast-schema-graph\">{\"@context\":\"https:\/\/schema.org\",\"@graph\":[{\"@type\":\"WebPage\",\"@id\":\"https:\/\/docu-world.com\/grupo-docuworld\/\",\"url\":\"https:\/\/docu-world.com\/grupo-docuworld\/\",\"name\":\"Groupe Docu-World - Docuworld\",\"isPartOf\":{\"@id\":\"https:\/\/docu-world.com\/#website\"},\"datePublished\":\"2015-02-20T20:12:13+00:00\",\"dateModified\":\"2021-12-22T11:11:13+00:00\",\"breadcrumb\":{\"@id\":\"https:\/\/docu-world.com\/grupo-docuworld\/#breadcrumb\"},\"inLanguage\":\"fr-FR\",\"potentialAction\":[{\"@type\":\"ReadAction\",\"target\":[\"https:\/\/docu-world.com\/grupo-docuworld\/\"]}]},{\"@type\":\"BreadcrumbList\",\"@id\":\"https:\/\/docu-world.com\/grupo-docuworld\/#breadcrumb\",\"itemListElement\":[{\"@type\":\"ListItem\",\"position\":1,\"name\":\"Portada\",\"item\":\"https:\/\/docu-world.com\/en\/\"},{\"@type\":\"ListItem\",\"position\":2,\"name\":\"Groupe Docu-World\"}]},{\"@type\":\"WebSite\",\"@id\":\"https:\/\/docu-world.com\/#website\",\"url\":\"https:\/\/docu-world.com\/\",\"name\":\"Docuworld\",\"description\":\"Comunicaci\u00f3n e imagen en continuo crecimiento\",\"potentialAction\":[{\"@type\":\"SearchAction\",\"target\":{\"@type\":\"EntryPoint\",\"urlTemplate\":\"https:\/\/docu-world.com\/?s={search_term_string}\"},\"query-input\":{\"@type\":\"PropertyValueSpecification\",\"valueRequired\":true,\"valueName\":\"search_term_string\"}}],\"inLanguage\":\"fr-FR\"}]}<\/script>\n<!-- \/ Yoast SEO plugin. -->","yoast_head_json":{"title":"Groupe Docu-World - Docuworld","robots":{"index":"index","follow":"follow","max-snippet":"max-snippet:-1","max-image-preview":"max-image-preview:large","max-video-preview":"max-video-preview:-1"},"canonical":"https:\/\/docu-world.com\/grupo-docuworld\/","og_locale":"fr_FR","og_type":"article","og_title":"Groupe Docu-World - Docuworld","og_url":"https:\/\/docu-world.com\/grupo-docuworld\/","og_site_name":"Docuworld","article_modified_time":"2021-12-22T11:11:13+00:00","twitter_card":"summary_large_image","twitter_misc":{"Dur\u00e9e de lecture estim\u00e9e":"9 minutes"},"schema":{"@context":"https:\/\/schema.org","@graph":[{"@type":"WebPage","@id":"https:\/\/docu-world.com\/grupo-docuworld\/","url":"https:\/\/docu-world.com\/grupo-docuworld\/","name":"Groupe Docu-World - Docuworld","isPartOf":{"@id":"https:\/\/docu-world.com\/#website"},"datePublished":"2015-02-20T20:12:13+00:00","dateModified":"2021-12-22T11:11:13+00:00","breadcrumb":{"@id":"https:\/\/docu-world.com\/grupo-docuworld\/#breadcrumb"},"inLanguage":"fr-FR","potentialAction":[{"@type":"ReadAction","target":["https:\/\/docu-world.com\/grupo-docuworld\/"]}]},{"@type":"BreadcrumbList","@id":"https:\/\/docu-world.com\/grupo-docuworld\/#breadcrumb","itemListElement":[{"@type":"ListItem","position":1,"name":"Portada","item":"https:\/\/docu-world.com\/en\/"},{"@type":"ListItem","position":2,"name":"Groupe Docu-World"}]},{"@type":"WebSite","@id":"https:\/\/docu-world.com\/#website","url":"https:\/\/docu-world.com\/","name":"Docuworld","description":"Comunicaci\u00f3n e imagen en continuo crecimiento","potentialAction":[{"@type":"SearchAction","target":{"@type":"EntryPoint","urlTemplate":"https:\/\/docu-world.com\/?s={search_term_string}"},"query-input":{"@type":"PropertyValueSpecification","valueRequired":true,"valueName":"search_term_string"}}],"inLanguage":"fr-FR"}]}},"_links":{"self":[{"href":"https:\/\/docu-world.com\/fr\/wp-json\/wp\/v2\/pages\/1541","targetHints":{"allow":["GET"]}}],"collection":[{"href":"https:\/\/docu-world.com\/fr\/wp-json\/wp\/v2\/pages"}],"about":[{"href":"https:\/\/docu-world.com\/fr\/wp-json\/wp\/v2\/types\/page"}],"author":[{"embeddable":true,"href":"https:\/\/docu-world.com\/fr\/wp-json\/wp\/v2\/users\/1"}],"replies":[{"embeddable":true,"href":"https:\/\/docu-world.com\/fr\/wp-json\/wp\/v2\/comments?post=1541"}],"version-history":[{"count":5,"href":"https:\/\/docu-world.com\/fr\/wp-json\/wp\/v2\/pages\/1541\/revisions"}],"predecessor-version":[{"id":8183,"href":"https:\/\/docu-world.com\/fr\/wp-json\/wp\/v2\/pages\/1541\/revisions\/8183"}],"wp:attachment":[{"href":"https:\/\/docu-world.com\/fr\/wp-json\/wp\/v2\/media?parent=1541"}],"curies":[{"name":"wp","href":"https:\/\/api.w.org\/{rel}","templated":true}]}}